{"id":17,"date":"2015-06-02T11:12:22","date_gmt":"2015-06-02T10:12:22","guid":{"rendered":"http:\/\/www.studionotus.fr\/?page_id=17"},"modified":"2020-02-13T19:01:57","modified_gmt":"2020-02-13T18:01:57","slug":"le-studio","status":"publish","type":"page","link":"http:\/\/www.studionotus.fr\/index.php\/le-studio\/","title":{"rendered":"Le Studio"},"content":{"rendered":"\r\n\t<div id=\"fws_69f4f98017308\" data-bg-mobile-hidden=\"\" class=\"wpb_row vc_row-fluid vc_row standard_section   \"  style=\"padding-top: 0px; padding-bottom: 0px; \"><div class=\"row-bg-wrap\"> <div class=\"row-bg   \" style=\"\"><\/div> <\/div><div class=\"col span_12 dark \">\n\t<div  class=\"vc_col-sm-12 wpb_column column_container col no-extra-padding\"  data-padding-pos=\"all\" data-hover-bg=\"\" data-animation=\"\" data-delay=\"0\">\n\t\t<div class=\"wpb_wrapper\">\n\t\t\t\n\t<div class=\"wpb_text_column wpb_content_element \">\n\t\t<div class=\"wpb_wrapper\">\n\t\t\t<p><b>NOTUS, NOTOS, subst. masc<\/b>.<\/p>\n<p><em><a name=\"u7826-5\"><\/a> Vent du midi, chaud et humide.<\/em><\/p>\n<p><em><a name=\"u7826-7\"><\/a>Rem. Par antiphrase ou par erreur, le mot d\u00e9signe chez Giono un vent du nord: Un solide vent du nord bien carr\u00e9 dans son aire, un de ces Notos de derri\u00e8re les fagots, \u00f4 Ath\u00e9na! (Chron., No\u00e9, 1947, p.57).<\/em><\/p>\n<p><em>Prononc. et Orth.: [n\u0254tys], [-t\u0254s]. Lar. Lang. fr.: les 2 formes. Souvent avec majuscule (v. Giono, loc. cit.). Plur. des notus, -tos. \u00c9tymol. et Hist. 1823 Notus (Boiste); 1947 Notos (Giono, loc. cit.). Empr. au lat. Notus, Notos \u00able vent du midi\u00bb, empr. au gr. \u039d \u03bf \u03c4 \u03bf \u03c2 \u00abvent du sud-ouest\u00bb (qui apporte l&rsquo;humidit\u00e9).<\/em><\/p>\n\n\t\t<\/div> \n\t<\/div> <div  class=\"divider-small-border\"><\/div>\n\t\t<\/div> \n\t<\/div> \n<\/div><\/div>\r\n\t<div id=\"fws_69f4f98017f24\" data-bg-mobile-hidden=\"\" class=\"wpb_row vc_row-fluid vc_row standard_section   \"  style=\"padding-top: 0px; padding-bottom: 0px; \"><div class=\"row-bg-wrap\"> <div class=\"row-bg   \" style=\"\"><\/div> <\/div><div class=\"col span_12 dark \">\n\t<div  class=\"vc_col-sm-12 wpb_column column_container col no-extra-padding\"  data-padding-pos=\"all\" data-hover-bg=\"\" data-animation=\"\" data-delay=\"0\">\n\t\t<div class=\"wpb_wrapper\">\n\t\t\t\r\n    <div class=\"col span_12 section-title text-align-center extra-padding\">\r\n\t\t<h2>\n<h2>LE STUDIO<\/h2>\n<\/h2><\/div><div class=\"clear\"><\/div>\n\t\t<\/div> \n\t<\/div> \n<\/div><\/div>\r\n\t<div id=\"fws_69f4f980181ee\" data-bg-mobile-hidden=\"\" class=\"wpb_row vc_row-fluid vc_row standard_section   \"  style=\"padding-top: 0px; padding-bottom: 0px; \"><div class=\"row-bg-wrap\"> <div class=\"row-bg   \" style=\"\"><\/div> <\/div><div class=\"col span_12 dark \">\n\t<div  class=\"vc_col-sm-12 wpb_column column_container col no-extra-padding\"  data-padding-pos=\"all\" data-hover-bg=\"\" data-animation=\"\" data-delay=\"0\">\n\t\t<div class=\"wpb_wrapper\">\n\t\t\t\n\t<div class=\"wpb_text_column wpb_content_element \">\n\t\t<div class=\"wpb_wrapper\">\n\t\t\t<div id=\"attachment_148\" style=\"width: 235px\" class=\"wp-caption alignright\"><a href=\"https:\/\/i2.wp.com\/www.studionotus.fr\/wp-content\/uploads\/2015\/06\/so-640x480.jpg\"><img aria-describedby=\"caption-attachment-148\" data-attachment-id=\"148\" data-permalink=\"http:\/\/www.studionotus.fr\/index.php\/le-studio\/so-640x480\/\" data-orig-file=\"https:\/\/i2.wp.com\/www.studionotus.fr\/wp-content\/uploads\/2015\/06\/so-640x480.jpg?fit=480%2C640\" data-orig-size=\"480,640\" data-comments-opened=\"1\" data-image-meta=\"{&quot;aperture&quot;:&quot;2.8&quot;,&quot;credit&quot;:&quot;&quot;,&quot;camera&quot;:&quot;Canon PowerShot G10&quot;,&quot;caption&quot;:&quot;&quot;,&quot;created_timestamp&quot;:&quot;1361537356&quot;,&quot;copyright&quot;:&quot;&quot;,&quot;focal_length&quot;:&quot;6.1&quot;,&quot;iso&quot;:&quot;125&quot;,&quot;shutter_speed&quot;:&quot;0.016666666666667&quot;,&quot;title&quot;:&quot;&quot;,&quot;orientation&quot;:&quot;1&quot;}\" data-image-title=\"so &#091;640&#215;480&#093;\" data-image-description=\"\" data-medium-file=\"https:\/\/i2.wp.com\/www.studionotus.fr\/wp-content\/uploads\/2015\/06\/so-640x480.jpg?fit=225%2C300\" data-large-file=\"https:\/\/i2.wp.com\/www.studionotus.fr\/wp-content\/uploads\/2015\/06\/so-640x480.jpg?fit=480%2C640\" loading=\"lazy\" class=\"wp-image-148 size-medium\" src=\"https:\/\/i2.wp.com\/www.studionotus.fr\/wp-content\/uploads\/2015\/06\/so-640x480.jpg?resize=225%2C300\" alt=\"so &#091;640x480&#093;\" width=\"225\" height=\"300\" srcset=\"https:\/\/i2.wp.com\/www.studionotus.fr\/wp-content\/uploads\/2015\/06\/so-640x480.jpg?resize=225%2C300 225w, https:\/\/i2.wp.com\/www.studionotus.fr\/wp-content\/uploads\/2015\/06\/so-640x480.jpg?w=480 480w\" sizes=\"(max-width: 225px) 100vw, 225px\" data-recalc-dims=\"1\" \/><\/a><p id=\"caption-attachment-148\" class=\"wp-caption-text\">Sophie Witkowski, graphiste depuis 15 ans.<\/p><\/div>Le Studio Notus\u00a0vous accompagne dans l&rsquo;ensemble de vos probl\u00e9matiques de communication avec des solutions inventives en termes de conseil et strat\u00e9gie, identit\u00e9 visuelle, \u00e9dition, internet et multim\u00e9dia, flyers, brochures et conception de stands.<br \/>\nJe donne vie \u00e0 vos id\u00e9es et vos objectifs en cr\u00e9ant une image publicitaire sur mesure ! Un service qui allie expertise, cr\u00e9ativit\u00e9 et innovation.<\/p>\n<p>\u00c9quip\u00e9 des derni\u00e8res technologies de communication pour \u00eatre plus proche de ses clients, le Studio de communication assure une zone de couverture nationale. N&rsquo;h\u00e9sitez pas \u00e0 prendre contact avec moi !<\/p>\n\n\t\t<\/div> \n\t<\/div> \n\t\t<\/div> \n\t<\/div> \n<\/div><\/div>\n","protected":false},"excerpt":{"rendered":"NOTUS, NOTOS, subst. masc. Vent du midi, chaud et humide. Rem. Par antiphrase ou par erreur, le mot d\u00e9signe chez Giono un vent du nord: Un solide vent du nord...","protected":false},"author":1,"featured_media":0,"parent":0,"menu_order":0,"comment_status":"open","ping_status":"open","template":"","meta":{"spay_email":""},"jetpack_sharing_enabled":true,"jetpack_shortlink":"https:\/\/wp.me\/P6Zhc3-h","jetpack-related-posts":[],"_links":{"self":[{"href":"http:\/\/www.studionotus.fr\/index.php\/wp-json\/wp\/v2\/pages\/17"}],"collection":[{"href":"http:\/\/www.studionotus.fr\/index.php\/wp-json\/wp\/v2\/pages"}],"about":[{"href":"http:\/\/www.studionotus.fr\/index.php\/wp-json\/wp\/v2\/types\/page"}],"author":[{"embeddable":true,"href":"http:\/\/www.studionotus.fr\/index.php\/wp-json\/wp\/v2\/users\/1"}],"replies":[{"embeddable":true,"href":"http:\/\/www.studionotus.fr\/index.php\/wp-json\/wp\/v2\/comments?post=17"}],"version-history":[{"count":6,"href":"http:\/\/www.studionotus.fr\/index.php\/wp-json\/wp\/v2\/pages\/17\/revisions"}],"predecessor-version":[{"id":452,"href":"http:\/\/www.studionotus.fr\/index.php\/wp-json\/wp\/v2\/pages\/17\/revisions\/452"}],"wp:attachment":[{"href":"http:\/\/www.studionotus.fr\/index.php\/wp-json\/wp\/v2\/media?parent=17"}],"curies":[{"name":"wp","href":"https:\/\/api.w.org\/{rel}","templated":true}]}}